{"id":8,"date":"2021-02-05T07:32:32","date_gmt":"2021-02-05T07:32:32","guid":{"rendered":"http:\/\/holgerheubeck.de\/?page_id=8"},"modified":"2022-10-09T14:49:17","modified_gmt":"2022-10-09T14:49:17","slug":"biografie","status":"publish","type":"page","link":"https:\/\/holgerheubeck.de\/index.php\/biografie\/","title":{"rendered":"Biografie"},"content":{"rendered":"\n<p><\/p>\n\n\n\n<figure class=\"wp-block-image size-large is-resized\"><img loading=\"lazy\" decoding=\"async\" src=\"https:\/\/holgerheubeck.de\/wp-content\/uploads\/2021\/02\/Holgi_1866_700x550px.jpg\" alt=\"\" class=\"wp-image-139\" width=\"277\" height=\"347\" srcset=\"https:\/\/holgerheubeck.de\/wp-content\/uploads\/2021\/02\/Holgi_1866_700x550px.jpg 554w, https:\/\/holgerheubeck.de\/wp-content\/uploads\/2021\/02\/Holgi_1866_700x550px-239x300.jpg 239w\" sizes=\"auto, (max-width: 277px) 100vw, 277px\" \/><\/figure>\n\n\n\n<div class=\"wp-block-columns is-layout-flex wp-container-core-columns-is-layout-9d6595d7 wp-block-columns-is-layout-flex\">\n<div class=\"wp-block-column is-layout-flow wp-block-column-is-layout-flow\" style=\"flex-basis:100%\">\n<div class=\"wp-block-columns is-layout-flex wp-container-core-columns-is-layout-9d6595d7 wp-block-columns-is-layout-flex\">\n<div class=\"wp-block-column is-layout-flow wp-block-column-is-layout-flow\" style=\"flex-basis:100%\">\n<div class=\"wp-block-group\"><div class=\"wp-block-group__inner-container is-layout-flow wp-block-group-is-layout-flow\">\n<p>Schon in jungen Jahren wurde bei mir das Interesse an Fotografie geweckt<em>.<\/em> Als Sch\u00fcler an der Realschule entdeckte ich im freiwilligen Programm einen Fotokurs, der mich damals schon sehr begeisterte. Im Fotolabor wurde der Grundstein f\u00fcr die Fotografie gelegt.<\/p>\n\n\n\n<p>Nach der Schule gab es nur einen Berufswunsch, der dann mit der Ausbildung zum Fotografen auch direkt umgesetzt wurde. Als Fotografengeselle sammelte ich in Werbestudios in vielen Bereichen Erfahrungen der professionellen Fotografie. <\/p>\n\n\n\n<p>Beim Versandhaus BAUR konnte ich viel von der Erfahrung des damaligen Studioleiters profitieren. Er brachte mich auch zum Thema Apple Computer. <\/p>\n\n\n\n<p>Dieser Wissensvorsprung garantierte mir bei der Fa. Quelle sp\u00e4ter das erste digitale Fotostudio in deren Produktion. Damals noch mit gro\u00dfen Aufwand (Sinar-e uvm.). Da sich durch die digitale Fotografie aber auch viele Abl\u00e4ufe in einen gro\u00dfen Unternehmen optimieren lassen, lies ich meine bis dahin gesammelten Erfahrung in die Prozessoptimierung der Katalogerstellung einflie\u00dfen (EBV, digitale Druckvorstufe uvm.).<\/p>\n\n\n\n<p>Die 3D bzw. 360\u00b0 Fotografie bei Quelle wurde von  mir pilotiert und ma\u00dfgeblich installiert. <\/p>\n\n\n\n<p>Seit 2010 bin ich als Marketing Direktor bei der Firma Ju-Sports besch\u00e4ftigt. Das gibt mir die Gelegenheit meine beiden gr\u00f6\u00dften Interessen (Fotografie und Kampfsport ) miteinander verkn\u00fcpfen.<\/p>\n\n\n\n<figure class=\"wp-block-table is-style-regular\"><table><tbody><tr><td>1981-1984<\/td><td>Ausbildung zum Fotografen (Gossen GmbH)<\/td><\/tr><tr><td>ab 1984<\/td><td>Fotograf bei Gossen GmbH<\/td><\/tr><tr><td>1985-1989<\/td><td>Werbestudio Lingner<\/td><\/tr><tr><td>1989-1992<\/td><td>BAUR Versand<\/td><\/tr><tr><td>1992-1997<\/td><td>Quelle<\/td><\/tr><tr><td>1997-2000<\/td><td>Projektleiter digitale Bildproduktion bei Quelle<\/td><\/tr><tr><td>2000-2004<\/td><td>Administration Fotografie \/ Prepress bei Quelle<\/td><\/tr><tr><td>2004-2009<\/td><td>Technische Leitung Fotografie Quelle<\/td><\/tr><tr><td>seit 2010<\/td><td>Direktor Marketing Ju-Sports GmbH<\/td><\/tr><\/tbody><\/table><\/figure>\n<\/div><\/div>\n<\/div>\n<\/div>\n<\/div>\n<\/div>\n","protected":false},"excerpt":{"rendered":"<p>Schon in jungen Jahren wurde bei mir das Interesse an Fotografie geweckt. Als Sch\u00fcler an der Realschule entdeckte ich im freiwilligen Programm einen Fotokurs, der mich damals schon sehr begeisterte.<\/p>\n<p class=\"more-link\"><a href=\"https:\/\/holgerheubeck.de\/index.php\/biografie\/\" class=\"readmore\">Continue reading<svg class=\"icon icon-arrow-right\" aria-hidden=\"true\" role=\"img\"> <use href=\"#icon-arrow-right\" xlink:href=\"#icon-arrow-right\"><\/use> <\/svg><span class=\"screen-reader-text\">Biografie<\/span><\/a><\/p>\n","protected":false},"author":1,"featured_media":0,"parent":0,"menu_order":0,"comment_status":"closed","ping_status":"closed","template":"","meta":{"footnotes":""},"class_list":["post-8","page","type-page","status-publish","hentry"],"yoast_head":"<!-- This site is optimized with the Yoast SEO plugin v27.3 - https:\/\/yoast.com\/product\/yoast-seo-wordpress\/ -->\n<title>Biografie - Holger Heubeck Fotografie<\/title>\n<meta name=\"robots\" content=\"index, follow, max-snippet:-1, max-image-preview:large, max-video-preview:-1\" \/>\n<link rel=\"canonical\" href=\"https:\/\/holgerheubeck.de\/index.php\/biografie\/\" \/>\n<meta property=\"og:locale\" content=\"de_DE\" \/>\n<meta property=\"og:type\" content=\"article\" \/>\n<meta property=\"og:title\" content=\"Biografie - Holger Heubeck Fotografie\" \/>\n<meta property=\"og:description\" content=\"Schon in jungen Jahren wurde bei mir das Interesse an Fotografie geweckt. Als Sch\u00fcler an der Realschule entdeckte ich im freiwilligen Programm einen Fotokurs, der mich damals schon sehr begeisterte.Continue reading Biografie\" \/>\n<meta property=\"og:url\" content=\"https:\/\/holgerheubeck.de\/index.php\/biografie\/\" \/>\n<meta property=\"og:site_name\" content=\"Holger Heubeck Fotografie\" \/>\n<meta property=\"article:modified_time\" content=\"2022-10-09T14:49:17+00:00\" \/>\n<meta property=\"og:image\" content=\"http:\/\/holgerheubeck.de\/wp-content\/uploads\/2021\/02\/Holgi_1866_700x550px.jpg\" \/>\n<meta name=\"twitter:card\" content=\"summary_large_image\" \/>\n<meta name=\"twitter:label1\" content=\"Gesch\u00e4tzte Lesezeit\" \/>\n\t<meta name=\"twitter:data1\" content=\"2\u00a0Minuten\" \/>\n<script type=\"application\/ld+json\" class=\"yoast-schema-graph\">{\"@context\":\"https:\\\/\\\/schema.org\",\"@graph\":[{\"@type\":\"WebPage\",\"@id\":\"https:\\\/\\\/holgerheubeck.de\\\/index.php\\\/biografie\\\/\",\"url\":\"https:\\\/\\\/holgerheubeck.de\\\/index.php\\\/biografie\\\/\",\"name\":\"Biografie - Holger Heubeck Fotografie\",\"isPartOf\":{\"@id\":\"https:\\\/\\\/holgerheubeck.de\\\/#website\"},\"primaryImageOfPage\":{\"@id\":\"https:\\\/\\\/holgerheubeck.de\\\/index.php\\\/biografie\\\/#primaryimage\"},\"image\":{\"@id\":\"https:\\\/\\\/holgerheubeck.de\\\/index.php\\\/biografie\\\/#primaryimage\"},\"thumbnailUrl\":\"http:\\\/\\\/holgerheubeck.de\\\/wp-content\\\/uploads\\\/2021\\\/02\\\/Holgi_1866_700x550px.jpg\",\"datePublished\":\"2021-02-05T07:32:32+00:00\",\"dateModified\":\"2022-10-09T14:49:17+00:00\",\"breadcrumb\":{\"@id\":\"https:\\\/\\\/holgerheubeck.de\\\/index.php\\\/biografie\\\/#breadcrumb\"},\"inLanguage\":\"de\",\"potentialAction\":[{\"@type\":\"ReadAction\",\"target\":[\"https:\\\/\\\/holgerheubeck.de\\\/index.php\\\/biografie\\\/\"]}]},{\"@type\":\"ImageObject\",\"inLanguage\":\"de\",\"@id\":\"https:\\\/\\\/holgerheubeck.de\\\/index.php\\\/biografie\\\/#primaryimage\",\"url\":\"http:\\\/\\\/holgerheubeck.de\\\/wp-content\\\/uploads\\\/2021\\\/02\\\/Holgi_1866_700x550px.jpg\",\"contentUrl\":\"http:\\\/\\\/holgerheubeck.de\\\/wp-content\\\/uploads\\\/2021\\\/02\\\/Holgi_1866_700x550px.jpg\"},{\"@type\":\"BreadcrumbList\",\"@id\":\"https:\\\/\\\/holgerheubeck.de\\\/index.php\\\/biografie\\\/#breadcrumb\",\"itemListElement\":[{\"@type\":\"ListItem\",\"position\":1,\"name\":\"Home\",\"item\":\"https:\\\/\\\/holgerheubeck.de\\\/\"},{\"@type\":\"ListItem\",\"position\":2,\"name\":\"Biografie\"}]},{\"@type\":\"WebSite\",\"@id\":\"https:\\\/\\\/holgerheubeck.de\\\/#website\",\"url\":\"https:\\\/\\\/holgerheubeck.de\\\/\",\"name\":\"Holger Heubeck Fotografie\",\"description\":\"FOTOGRAF MIT LEIDENSCHAFT\",\"potentialAction\":[{\"@type\":\"SearchAction\",\"target\":{\"@type\":\"EntryPoint\",\"urlTemplate\":\"https:\\\/\\\/holgerheubeck.de\\\/?s={search_term_string}\"},\"query-input\":{\"@type\":\"PropertyValueSpecification\",\"valueRequired\":true,\"valueName\":\"search_term_string\"}}],\"inLanguage\":\"de\"}]}<\/script>\n<!-- \/ Yoast SEO plugin. -->","yoast_head_json":{"title":"Biografie - Holger Heubeck Fotografie","robots":{"index":"index","follow":"follow","max-snippet":"max-snippet:-1","max-image-preview":"max-image-preview:large","max-video-preview":"max-video-preview:-1"},"canonical":"https:\/\/holgerheubeck.de\/index.php\/biografie\/","og_locale":"de_DE","og_type":"article","og_title":"Biografie - Holger Heubeck Fotografie","og_description":"Schon in jungen Jahren wurde bei mir das Interesse an Fotografie geweckt. Als Sch\u00fcler an der Realschule entdeckte ich im freiwilligen Programm einen Fotokurs, der mich damals schon sehr begeisterte.Continue reading Biografie","og_url":"https:\/\/holgerheubeck.de\/index.php\/biografie\/","og_site_name":"Holger Heubeck Fotografie","article_modified_time":"2022-10-09T14:49:17+00:00","og_image":[{"url":"http:\/\/holgerheubeck.de\/wp-content\/uploads\/2021\/02\/Holgi_1866_700x550px.jpg","type":"","width":"","height":""}],"twitter_card":"summary_large_image","twitter_misc":{"Gesch\u00e4tzte Lesezeit":"2\u00a0Minuten"},"schema":{"@context":"https:\/\/schema.org","@graph":[{"@type":"WebPage","@id":"https:\/\/holgerheubeck.de\/index.php\/biografie\/","url":"https:\/\/holgerheubeck.de\/index.php\/biografie\/","name":"Biografie - Holger Heubeck Fotografie","isPartOf":{"@id":"https:\/\/holgerheubeck.de\/#website"},"primaryImageOfPage":{"@id":"https:\/\/holgerheubeck.de\/index.php\/biografie\/#primaryimage"},"image":{"@id":"https:\/\/holgerheubeck.de\/index.php\/biografie\/#primaryimage"},"thumbnailUrl":"http:\/\/holgerheubeck.de\/wp-content\/uploads\/2021\/02\/Holgi_1866_700x550px.jpg","datePublished":"2021-02-05T07:32:32+00:00","dateModified":"2022-10-09T14:49:17+00:00","breadcrumb":{"@id":"https:\/\/holgerheubeck.de\/index.php\/biografie\/#breadcrumb"},"inLanguage":"de","potentialAction":[{"@type":"ReadAction","target":["https:\/\/holgerheubeck.de\/index.php\/biografie\/"]}]},{"@type":"ImageObject","inLanguage":"de","@id":"https:\/\/holgerheubeck.de\/index.php\/biografie\/#primaryimage","url":"http:\/\/holgerheubeck.de\/wp-content\/uploads\/2021\/02\/Holgi_1866_700x550px.jpg","contentUrl":"http:\/\/holgerheubeck.de\/wp-content\/uploads\/2021\/02\/Holgi_1866_700x550px.jpg"},{"@type":"BreadcrumbList","@id":"https:\/\/holgerheubeck.de\/index.php\/biografie\/#breadcrumb","itemListElement":[{"@type":"ListItem","position":1,"name":"Home","item":"https:\/\/holgerheubeck.de\/"},{"@type":"ListItem","position":2,"name":"Biografie"}]},{"@type":"WebSite","@id":"https:\/\/holgerheubeck.de\/#website","url":"https:\/\/holgerheubeck.de\/","name":"Holger Heubeck Fotografie","description":"FOTOGRAF MIT LEIDENSCHAFT","potentialAction":[{"@type":"SearchAction","target":{"@type":"EntryPoint","urlTemplate":"https:\/\/holgerheubeck.de\/?s={search_term_string}"},"query-input":{"@type":"PropertyValueSpecification","valueRequired":true,"valueName":"search_term_string"}}],"inLanguage":"de"}]}},"_links":{"self":[{"href":"https:\/\/holgerheubeck.de\/index.php\/wp-json\/wp\/v2\/pages\/8","targetHints":{"allow":["GET"]}}],"collection":[{"href":"https:\/\/holgerheubeck.de\/index.php\/wp-json\/wp\/v2\/pages"}],"about":[{"href":"https:\/\/holgerheubeck.de\/index.php\/wp-json\/wp\/v2\/types\/page"}],"author":[{"embeddable":true,"href":"https:\/\/holgerheubeck.de\/index.php\/wp-json\/wp\/v2\/users\/1"}],"replies":[{"embeddable":true,"href":"https:\/\/holgerheubeck.de\/index.php\/wp-json\/wp\/v2\/comments?post=8"}],"version-history":[{"count":10,"href":"https:\/\/holgerheubeck.de\/index.php\/wp-json\/wp\/v2\/pages\/8\/revisions"}],"predecessor-version":[{"id":169,"href":"https:\/\/holgerheubeck.de\/index.php\/wp-json\/wp\/v2\/pages\/8\/revisions\/169"}],"wp:attachment":[{"href":"https:\/\/holgerheubeck.de\/index.php\/wp-json\/wp\/v2\/media?parent=8"}],"curies":[{"name":"wp","href":"https:\/\/api.w.org\/{rel}","templated":true}]}}