{"id":17,"date":"2021-02-05T07:38:35","date_gmt":"2021-02-05T07:38:35","guid":{"rendered":"http:\/\/holgerheubeck.de\/?page_id=17"},"modified":"2022-10-09T15:07:14","modified_gmt":"2022-10-09T15:07:14","slug":"impressum-datenschutz","status":"publish","type":"page","link":"https:\/\/holgerheubeck.de\/index.php\/impressum-datenschutz\/","title":{"rendered":"Impressum &#038; Datenschutz"},"content":{"rendered":"\n<pre class=\"wp-block-preformatted has-light-gray-color has-text-color\"><mark style=\"background-color:rgba(0, 0, 0, 0)\" class=\"has-inline-color has-light-gray-color\"><strong>Angaben gem\u00e4\u00df \u00a7 5 TMG<\/strong>\nHolger Heubeck Fotografie\nHintere Gasse 42 <\/mark>\n<mark style=\"background-color:rgba(0, 0, 0, 0)\" class=\"has-inline-color has-light-gray-color\">91074 Herzogenaurach<\/mark>\n<mark style=\"background-color:rgba(0, 0, 0, 0)\" class=\"has-inline-color has-light-gray-color\">\n<strong>Kontakt<\/strong>\nTelefon: 0172 8183555\nE-Mail: holger.heubeck<\/mark>@me.com\n<mark style=\"background-color:rgba(0, 0, 0, 0)\" class=\"has-inline-color has-light-gray-color\">\n<strong>EU-Streitschlichtung<\/strong>\nDie Europ\u00e4ische Kommission stellt eine Plattform zur Online-Streitbeilegung (OS) bereit:\u00a0https:\/\/ec.europa.eu\/consumers\/odr.\nUnsere E-Mail-Adresse finden Sie oben im Impressum.\n<strong>Verbraucherstreitbeilegung\/Universalschlichtungsstelle<\/strong>\nWir sind nicht bereit oder verpflichtet, an Streitbeilegungsverfahren vor einer Verbraucherschlichtungsstelle teilzunehmen.\n<\/mark>\n<mark style=\"background-color:rgba(0, 0, 0, 0)\" class=\"has-inline-color has-light-gray-color\"><strong>Haftung f\u00fcr Inhalte<\/strong>\nAls Diensteanbieter sind wir gem\u00e4\u00df \u00a7 7 Abs.1 TMG f\u00fcr eigene Inhalte auf diesen Seiten nach den allgemeinen Gesetzen verantwortlich. Nach \u00a7\u00a7 8 bis 10 TMG sind wir als Diensteanbieter jedoch nicht verpflichtet, \u00fcbermittelte oder gespeicherte fremde Informationen zu \u00fcberwachen oder nach Umst\u00e4nden zu forschen, die auf eine rechtswidrige T\u00e4tigkeit hinweisen.\nVerpflichtungen zur Entfernung oder Sperrung der Nutzung von Informationen nach den allgemeinen Gesetzen bleiben hiervon unber\u00fchrt. Eine diesbez\u00fcgliche Haftung ist jedoch erst ab dem Zeitpunkt der Kenntnis einer konkreten Rechtsverletzung m\u00f6glich. Bei Bekanntwerden von entsprechenden Rechtsverletzungen werden wir diese Inhalte umgehend entfernen.\n<\/mark>\n<mark style=\"background-color:rgba(0, 0, 0, 0)\" class=\"has-inline-color has-light-gray-color\"><strong>Haftung f\u00fcr Links<\/strong>\nUnser Angebot enth\u00e4lt Links zu externen Websites Dritter, auf deren Inhalte wir keinen Einfluss haben. Deshalb k\u00f6nnen wir f\u00fcr diese fremden Inhalte auch keine Gew\u00e4hr \u00fcbernehmen. F\u00fcr die Inhalte der verlinkten Seiten ist stets der jeweilige Anbieter oder Betreiber der Seiten verantwortlich. Die verlinkten Seiten wurden zum Zeitpunkt der Verlinkung auf m\u00f6gliche Rechtsverst\u00f6\u00dfe \u00fcberpr\u00fcft. Rechtswidrige Inhalte waren zum Zeitpunkt der Verlinkung nicht erkennbar.\nEine permanente inhaltliche Kontrolle der verlinkten Seiten ist jedoch ohne konkrete Anhaltspunkte einer Rechtsverletzung nicht zumutbar. Bei Bekanntwerden von Rechtsverletzungen werden wir derartige Links umgehend entfernen.\n<strong>Urheberrecht<\/strong>\nDie durch die Seitenbetreiber erstellten Inhalte und Werke auf diesen Seiten unterliegen dem deutschen Urheberrecht. Die Vervielf\u00e4ltigung, Bearbeitung, Verbreitung und jede Art der Verwertung au\u00dferhalb der Grenzen des Urheberrechtes bed\u00fcrfen der schriftlichen Zustimmung des jeweiligen Autors bzw. Erstellers. Downloads und Kopien dieser Seite sind nur f\u00fcr den privaten, nicht kommerziellen Gebrauch gestattet.\nSoweit die Inhalte auf dieser Seite nicht vom Betreiber erstellt wurden, werden die Urheberrechte Dritter beachtet. Insbesondere werden Inhalte Dritter als solche gekennzeichnet. Sollten Sie trotzdem auf eine Urheberrechtsverletzung aufmerksam werden, bitten wir um einen entsprechenden Hinweis. Bei Bekanntwerden von Rechtsverletzungen werden wir derartige Inhalte umgehend entfernen.\n<\/mark>\n\n<mark style=\"background-color:rgba(0, 0, 0, 0)\" class=\"has-inline-color has-light-gray-color\">Quelle:\nhttps:\/\/www.e-recht24.de<\/mark><\/pre>\n","protected":false},"excerpt":{"rendered":"<p>Angaben gem\u00e4\u00df \u00a7 5 TMG Holger Heubeck Fotografie Hintere Gasse 42 91074 Herzogenaurach Kontakt Telefon: 0172 8183555 E-Mail: holger.heubeck@me.com EU-Streitschlichtung Die Europ\u00e4ische Kommission stellt eine Plattform zur Online-Streitbeilegung (OS) bereit:\u00a0https:\/\/ec.europa.eu\/consumers\/odr.<\/p>\n<p class=\"more-link\"><a href=\"https:\/\/holgerheubeck.de\/index.php\/impressum-datenschutz\/\" class=\"readmore\">Continue reading<svg class=\"icon icon-arrow-right\" aria-hidden=\"true\" role=\"img\"> <use href=\"#icon-arrow-right\" xlink:href=\"#icon-arrow-right\"><\/use> <\/svg><span class=\"screen-reader-text\">Impressum &#038; Datenschutz<\/span><\/a><\/p>\n","protected":false},"author":1,"featured_media":0,"parent":0,"menu_order":0,"comment_status":"closed","ping_status":"closed","template":"","meta":{"footnotes":""},"class_list":["post-17","page","type-page","status-publish","hentry"],"yoast_head":"<!-- This site is optimized with the Yoast SEO plugin v27.3 - https:\/\/yoast.com\/product\/yoast-seo-wordpress\/ -->\n<title>Impressum &amp; Datenschutz - Holger Heubeck Fotografie<\/title>\n<meta name=\"robots\" content=\"index, follow, max-snippet:-1, max-image-preview:large, max-video-preview:-1\" \/>\n<link rel=\"canonical\" href=\"https:\/\/holgerheubeck.de\/index.php\/impressum-datenschutz\/\" \/>\n<meta property=\"og:locale\" content=\"de_DE\" \/>\n<meta property=\"og:type\" content=\"article\" \/>\n<meta property=\"og:title\" content=\"Impressum &amp; Datenschutz - Holger Heubeck Fotografie\" \/>\n<meta property=\"og:description\" content=\"Angaben gem\u00e4\u00df \u00a7 5 TMG Holger Heubeck Fotografie Hintere Gasse 42 91074 Herzogenaurach Kontakt Telefon: 0172 8183555 E-Mail: holger.heubeck@me.com EU-Streitschlichtung Die Europ\u00e4ische Kommission stellt eine Plattform zur Online-Streitbeilegung (OS) bereit:\u00a0https:\/\/ec.europa.eu\/consumers\/odr.Continue reading Impressum &#038; Datenschutz\" \/>\n<meta property=\"og:url\" content=\"https:\/\/holgerheubeck.de\/index.php\/impressum-datenschutz\/\" \/>\n<meta property=\"og:site_name\" content=\"Holger Heubeck Fotografie\" \/>\n<meta property=\"article:modified_time\" content=\"2022-10-09T15:07:14+00:00\" \/>\n<meta name=\"twitter:card\" content=\"summary_large_image\" \/>\n<meta name=\"twitter:label1\" content=\"Gesch\u00e4tzte Lesezeit\" \/>\n\t<meta name=\"twitter:data1\" content=\"2\u00a0Minuten\" \/>\n<script type=\"application\/ld+json\" class=\"yoast-schema-graph\">{\"@context\":\"https:\\\/\\\/schema.org\",\"@graph\":[{\"@type\":\"WebPage\",\"@id\":\"https:\\\/\\\/holgerheubeck.de\\\/index.php\\\/impressum-datenschutz\\\/\",\"url\":\"https:\\\/\\\/holgerheubeck.de\\\/index.php\\\/impressum-datenschutz\\\/\",\"name\":\"Impressum & Datenschutz - Holger Heubeck Fotografie\",\"isPartOf\":{\"@id\":\"https:\\\/\\\/holgerheubeck.de\\\/#website\"},\"datePublished\":\"2021-02-05T07:38:35+00:00\",\"dateModified\":\"2022-10-09T15:07:14+00:00\",\"breadcrumb\":{\"@id\":\"https:\\\/\\\/holgerheubeck.de\\\/index.php\\\/impressum-datenschutz\\\/#breadcrumb\"},\"inLanguage\":\"de\",\"potentialAction\":[{\"@type\":\"ReadAction\",\"target\":[\"https:\\\/\\\/holgerheubeck.de\\\/index.php\\\/impressum-datenschutz\\\/\"]}]},{\"@type\":\"BreadcrumbList\",\"@id\":\"https:\\\/\\\/holgerheubeck.de\\\/index.php\\\/impressum-datenschutz\\\/#breadcrumb\",\"itemListElement\":[{\"@type\":\"ListItem\",\"position\":1,\"name\":\"Home\",\"item\":\"https:\\\/\\\/holgerheubeck.de\\\/\"},{\"@type\":\"ListItem\",\"position\":2,\"name\":\"Impressum &#038; Datenschutz\"}]},{\"@type\":\"WebSite\",\"@id\":\"https:\\\/\\\/holgerheubeck.de\\\/#website\",\"url\":\"https:\\\/\\\/holgerheubeck.de\\\/\",\"name\":\"Holger Heubeck Fotografie\",\"description\":\"FOTOGRAF MIT LEIDENSCHAFT\",\"potentialAction\":[{\"@type\":\"SearchAction\",\"target\":{\"@type\":\"EntryPoint\",\"urlTemplate\":\"https:\\\/\\\/holgerheubeck.de\\\/?s={search_term_string}\"},\"query-input\":{\"@type\":\"PropertyValueSpecification\",\"valueRequired\":true,\"valueName\":\"search_term_string\"}}],\"inLanguage\":\"de\"}]}<\/script>\n<!-- \/ Yoast SEO plugin. -->","yoast_head_json":{"title":"Impressum & Datenschutz - Holger Heubeck Fotografie","robots":{"index":"index","follow":"follow","max-snippet":"max-snippet:-1","max-image-preview":"max-image-preview:large","max-video-preview":"max-video-preview:-1"},"canonical":"https:\/\/holgerheubeck.de\/index.php\/impressum-datenschutz\/","og_locale":"de_DE","og_type":"article","og_title":"Impressum & Datenschutz - Holger Heubeck Fotografie","og_description":"Angaben gem\u00e4\u00df \u00a7 5 TMG Holger Heubeck Fotografie Hintere Gasse 42 91074 Herzogenaurach Kontakt Telefon: 0172 8183555 E-Mail: holger.heubeck@me.com EU-Streitschlichtung Die Europ\u00e4ische Kommission stellt eine Plattform zur Online-Streitbeilegung (OS) bereit:\u00a0https:\/\/ec.europa.eu\/consumers\/odr.Continue reading Impressum &#038; Datenschutz","og_url":"https:\/\/holgerheubeck.de\/index.php\/impressum-datenschutz\/","og_site_name":"Holger Heubeck Fotografie","article_modified_time":"2022-10-09T15:07:14+00:00","twitter_card":"summary_large_image","twitter_misc":{"Gesch\u00e4tzte Lesezeit":"2\u00a0Minuten"},"schema":{"@context":"https:\/\/schema.org","@graph":[{"@type":"WebPage","@id":"https:\/\/holgerheubeck.de\/index.php\/impressum-datenschutz\/","url":"https:\/\/holgerheubeck.de\/index.php\/impressum-datenschutz\/","name":"Impressum & Datenschutz - Holger Heubeck Fotografie","isPartOf":{"@id":"https:\/\/holgerheubeck.de\/#website"},"datePublished":"2021-02-05T07:38:35+00:00","dateModified":"2022-10-09T15:07:14+00:00","breadcrumb":{"@id":"https:\/\/holgerheubeck.de\/index.php\/impressum-datenschutz\/#breadcrumb"},"inLanguage":"de","potentialAction":[{"@type":"ReadAction","target":["https:\/\/holgerheubeck.de\/index.php\/impressum-datenschutz\/"]}]},{"@type":"BreadcrumbList","@id":"https:\/\/holgerheubeck.de\/index.php\/impressum-datenschutz\/#breadcrumb","itemListElement":[{"@type":"ListItem","position":1,"name":"Home","item":"https:\/\/holgerheubeck.de\/"},{"@type":"ListItem","position":2,"name":"Impressum &#038; Datenschutz"}]},{"@type":"WebSite","@id":"https:\/\/holgerheubeck.de\/#website","url":"https:\/\/holgerheubeck.de\/","name":"Holger Heubeck Fotografie","description":"FOTOGRAF MIT LEIDENSCHAFT","potentialAction":[{"@type":"SearchAction","target":{"@type":"EntryPoint","urlTemplate":"https:\/\/holgerheubeck.de\/?s={search_term_string}"},"query-input":{"@type":"PropertyValueSpecification","valueRequired":true,"valueName":"search_term_string"}}],"inLanguage":"de"}]}},"_links":{"self":[{"href":"https:\/\/holgerheubeck.de\/index.php\/wp-json\/wp\/v2\/pages\/17","targetHints":{"allow":["GET"]}}],"collection":[{"href":"https:\/\/holgerheubeck.de\/index.php\/wp-json\/wp\/v2\/pages"}],"about":[{"href":"https:\/\/holgerheubeck.de\/index.php\/wp-json\/wp\/v2\/types\/page"}],"author":[{"embeddable":true,"href":"https:\/\/holgerheubeck.de\/index.php\/wp-json\/wp\/v2\/users\/1"}],"replies":[{"embeddable":true,"href":"https:\/\/holgerheubeck.de\/index.php\/wp-json\/wp\/v2\/comments?post=17"}],"version-history":[{"count":9,"href":"https:\/\/holgerheubeck.de\/index.php\/wp-json\/wp\/v2\/pages\/17\/revisions"}],"predecessor-version":[{"id":176,"href":"https:\/\/holgerheubeck.de\/index.php\/wp-json\/wp\/v2\/pages\/17\/revisions\/176"}],"wp:attachment":[{"href":"https:\/\/holgerheubeck.de\/index.php\/wp-json\/wp\/v2\/media?parent=17"}],"curies":[{"name":"wp","href":"https:\/\/api.w.org\/{rel}","templated":true}]}}